{"id":9354,"date":"2024-01-11T14:12:05","date_gmt":"2024-01-11T19:12:05","guid":{"rendered":"https:\/\/itgetsbettercanada.org\/?page_id=9354"},"modified":"2025-06-09T16:31:45","modified_gmt":"2025-06-09T20:31:45","slug":"jobs","status":"publish","type":"page","link":"https:\/\/itgetsbettercanada.org\/fr\/jobs\/","title":{"rendered":"Jobs at It Gets Better Canada"},"content":{"rendered":"<div data-elementor-type=\"wp-page\" data-elementor-id=\"9354\" class=\"elementor elementor-9354\" data-elementor-post-type=\"page\">\n\t\t\t\t\t\t<section class=\"elementor-section elementor-top-section elementor-element elementor-element-915a967 elementor-section-content-middle elementor-section-boxed elementor-section-height-default elementor-section-height-default\" data-id=\"915a967\" data-element_type=\"section\" data-e-type=\"section\" data-settings=\"{&quot;background_background&quot;:&quot;classic&quot;}\">\n\t\t\t\t\t\t\t<div class=\"elementor-background-overlay\"><\/div>\n\t\t\t\t\t\t\t<div class=\"elementor-container elementor-column-gap-no\">\n\t\t\t\t\t<div class=\"elementor-column elementor-col-100 elementor-top-column elementor-element elementor-element-120b8192\" data-id=\"120b8192\" data-element_type=\"column\" data-e-type=\"column\">\n\t\t\t<div class=\"elementor-widget-wrap elementor-element-populated\">\n\t\t\t\t\t\t<div class=\"elementor-element elementor-element-1d38a9b8 elementor-widget elementor-widget-heading\" data-id=\"1d38a9b8\" data-element_type=\"widget\" data-e-type=\"widget\" data-widget_type=\"heading.default\">\n\t\t\t\t<div class=\"elementor-widget-container\">\n\t\t\t\t\t<h4 class=\"elementor-heading-title elementor-size-default\">Jobs at It Gets Better Canada<\/h4>\t\t\t\t<\/div>\n\t\t\t\t<\/div>\n\t\t\t\t\t<\/div>\n\t\t<\/div>\n\t\t\t\t\t<\/div>\n\t\t<\/section>\n\t\t\t\t<section class=\"elementor-section elementor-top-section elementor-element elementor-element-de878ed elementor-section-boxed elementor-section-height-default elementor-section-height-default\" data-id=\"de878ed\" data-element_type=\"section\" data-e-type=\"section\">\n\t\t\t\t\t\t<div class=\"elementor-container elementor-column-gap-default\">\n\t\t\t\t\t<div class=\"elementor-column elementor-col-100 elementor-top-column elementor-element elementor-element-35a795b\" data-id=\"35a795b\" data-element_type=\"column\" data-e-type=\"column\">\n\t\t\t<div class=\"elementor-widget-wrap elementor-element-populated\">\n\t\t\t\t\t\t<div class=\"elementor-element elementor-element-ae4cfc0 elementor-widget elementor-widget-text-editor\" data-id=\"ae4cfc0\" data-element_type=\"widget\" data-e-type=\"widget\" data-widget_type=\"text-editor.default\">\n\t\t\t\t<div class=\"elementor-widget-container\">\n\t\t\t\t\t\t\t\t\t<p><strong>L\u2019id\u00e9e de soutenir les jeunes 2SLGBTQ+ te passionne? Rejoins-toi \u00e0 nous et \u00e0 nos efforts de continuer \u00e0 soutenir et \u00e0 autonomiser les jeunes personnes queer d\u2019un oc\u00e9an \u00e0 l\u2019autre et soumets ta candidature pour te joinre \u00e0 notre conseil d\u2019administration d\u00e8s aujourd\u2019hui.<\/strong><\/p><p>It Gets Better Canada aspire au jour o\u00f9 aucun\u00b7e jeune au Canada ne se sent marginalis\u00e9\u00b7e, isol\u00e9\u00b7e, exclu\u00b7e ou rejet\u00e9\u00b7e \u00e0 cause de son orientation sexuelle ou de son identit\u00e9 de genre.<\/p><p class=\"p1\">Explore our current job openings below.<\/p>\t\t\t\t\t\t\t\t<\/div>\n\t\t\t\t<\/div>\n\t\t\t\t\t<\/div>\n\t\t<\/div>\n\t\t\t\t\t<\/div>\n\t\t<\/section>\n\t\t\t\t<section class=\"elementor-section elementor-top-section elementor-element elementor-element-1be949a elementor-section-boxed elementor-section-height-default elementor-section-height-default\" data-id=\"1be949a\" data-element_type=\"section\" data-e-type=\"section\">\n\t\t\t\t\t\t<div class=\"elementor-container elementor-column-gap-default\">\n\t\t\t\t\t<div class=\"elementor-column elementor-col-100 elementor-top-column elementor-element elementor-element-6fe8e9c\" data-id=\"6fe8e9c\" data-element_type=\"column\" data-e-type=\"column\">\n\t\t\t<div class=\"elementor-widget-wrap elementor-element-populated\">\n\t\t\t\t\t\t<div class=\"elementor-element elementor-element-ed97d7c elementor-widget-divider--view-line elementor-widget elementor-widget-divider\" data-id=\"ed97d7c\" data-element_type=\"widget\" data-e-type=\"widget\" data-widget_type=\"divider.default\">\n\t\t\t\t<div class=\"elementor-widget-container\">\n\t\t\t\t\t\t\t<div class=\"elementor-divider\">\n\t\t\t<span class=\"elementor-divider-separator\">\n\t\t\t\t\t\t<\/span>\n\t\t<\/div>\n\t\t\t\t\t\t<\/div>\n\t\t\t\t<\/div>\n\t\t\t\t<div class=\"elementor-element elementor-element-150b1c6 elementor-widget elementor-widget-heading\" data-id=\"150b1c6\" data-element_type=\"widget\" data-e-type=\"widget\" data-widget_type=\"heading.default\">\n\t\t\t\t<div class=\"elementor-widget-container\">\n\t\t\t\t\t<h2 class=\"elementor-heading-title elementor-size-default\">Jobs\n<\/h2>\t\t\t\t<\/div>\n\t\t\t\t<\/div>\n\t\t\t\t\t<\/div>\n\t\t<\/div>\n\t\t\t\t\t<\/div>\n\t\t<\/section>\n\t\t\t\t<section class=\"elementor-section elementor-top-section elementor-element elementor-element-e29736b elementor-section-boxed elementor-section-height-default elementor-section-height-default\" data-id=\"e29736b\" data-element_type=\"section\" data-e-type=\"section\">\n\t\t\t\t\t\t<div class=\"elementor-container elementor-column-gap-default\">\n\t\t\t\t\t<div class=\"elementor-column elementor-col-33 elementor-top-column elementor-element elementor-element-94f9237\" data-id=\"94f9237\" data-element_type=\"column\" data-e-type=\"column\">\n\t\t\t<div class=\"elementor-widget-wrap elementor-element-populated\">\n\t\t\t\t\t\t<div class=\"elementor-element elementor-element-b1acebf elementor-widget elementor-widget-image\" data-id=\"b1acebf\" data-element_type=\"widget\" data-e-type=\"widget\" data-widget_type=\"image.default\">\n\t\t\t\t<div class=\"elementor-widget-container\">\n\t\t\t\t\t\t\t\t\t\t\t\t\t\t\t<img fetchpriority=\"high\" decoding=\"async\" width=\"1080\" height=\"1080\" src=\"https:\/\/itgetsbettercanada.org\/wp-content\/uploads\/2021\/02\/Image-Update_2SLGBTQ.png\" class=\"attachment-twentytwenty-fullscreen size-twentytwenty-fullscreen wp-image-704\" alt=\"Image of a person holding a sign that says, &quot;Supporting Canada&#039;s 2SLGBTQ+ Youth. It Gets Better Canada&quot;\" srcset=\"https:\/\/itgetsbettercanada.org\/wp-content\/uploads\/2021\/02\/Image-Update_2SLGBTQ.png 1080w, https:\/\/itgetsbettercanada.org\/wp-content\/uploads\/2021\/02\/Image-Update_2SLGBTQ-300x300.png 300w, https:\/\/itgetsbettercanada.org\/wp-content\/uploads\/2021\/02\/Image-Update_2SLGBTQ-1024x1024.png 1024w, https:\/\/itgetsbettercanada.org\/wp-content\/uploads\/2021\/02\/Image-Update_2SLGBTQ-150x150.png 150w, https:\/\/itgetsbettercanada.org\/wp-content\/uploads\/2021\/02\/Image-Update_2SLGBTQ-768x768.png 768w\" sizes=\"(max-width: 1080px) 100vw, 1080px\" \/>\t\t\t\t\t\t\t\t\t\t\t\t\t\t\t<\/div>\n\t\t\t\t<\/div>\n\t\t\t\t\t<\/div>\n\t\t<\/div>\n\t\t\t\t<div class=\"elementor-column elementor-col-66 elementor-top-column elementor-element elementor-element-350ee88\" data-id=\"350ee88\" data-element_type=\"column\" data-e-type=\"column\">\n\t\t\t<div class=\"elementor-widget-wrap elementor-element-populated\">\n\t\t\t\t\t\t<div class=\"elementor-element elementor-element-5d074cd elementor-align-center elementor-widget elementor-widget-button\" data-id=\"5d074cd\" data-element_type=\"widget\" data-e-type=\"widget\" data-widget_type=\"button.default\">\n\t\t\t\t<div class=\"elementor-widget-container\">\n\t\t\t\t\t\t\t\t\t<div class=\"elementor-button-wrapper\">\n\t\t\t\t\t<a class=\"elementor-button elementor-button-link elementor-size-xl\" href=\"https:\/\/itgetsbettercanada.org\/fr\/2025\/06\/09\/finance-administration-officer-job-posting\/\">\n\t\t\t\t\t\t<span class=\"elementor-button-content-wrapper\">\n\t\t\t\t\t\t\t\t\t<span class=\"elementor-button-text\">Part-Time Finance and Administration Officer - Closes on July 15, 2025<\/span>\n\t\t\t\t\t<\/span>\n\t\t\t\t\t<\/a>\n\t\t\t\t<\/div>\n\t\t\t\t\t\t\t\t<\/div>\n\t\t\t\t<\/div>\n\t\t\t\t\t<\/div>\n\t\t<\/div>\n\t\t\t\t\t<\/div>\n\t\t<\/section>\n\t\t\t\t<section class=\"elementor-section elementor-inner-section elementor-element elementor-element-4385cfca elementor-section-boxed elementor-section-height-default elementor-section-height-default\" data-id=\"4385cfca\" data-element_type=\"section\" data-e-type=\"section\" data-settings=\"{&quot;background_background&quot;:&quot;gradient&quot;}\">\n\t\t\t\t\t\t<div class=\"elementor-container elementor-column-gap-default\">\n\t\t\t\t\t<div class=\"elementor-column elementor-col-33 elementor-inner-column elementor-element elementor-element-6e3f9be7\" data-id=\"6e3f9be7\" data-element_type=\"column\" data-e-type=\"column\">\n\t\t\t<div class=\"elementor-widget-wrap elementor-element-populated\">\n\t\t\t\t\t\t<div class=\"elementor-element elementor-element-575459ff elementor-widget elementor-widget-heading\" data-id=\"575459ff\" data-element_type=\"widget\" data-e-type=\"widget\" data-widget_type=\"heading.default\">\n\t\t\t\t<div class=\"elementor-widget-container\">\n\t\t\t\t\t<h4 class=\"elementor-heading-title elementor-size-default\">It Gets Better Canada est membre officiel du It Gets Better International Affiliate Network<\/h4>\t\t\t\t<\/div>\n\t\t\t\t<\/div>\n\t\t\t\t<div class=\"elementor-element elementor-element-1c4eb5f6 elementor-widget-divider--view-line elementor-widget elementor-widget-divider\" data-id=\"1c4eb5f6\" data-element_type=\"widget\" data-e-type=\"widget\" data-widget_type=\"divider.default\">\n\t\t\t\t<div class=\"elementor-widget-container\">\n\t\t\t\t\t\t\t<div class=\"elementor-divider\">\n\t\t\t<span class=\"elementor-divider-separator\">\n\t\t\t\t\t\t<\/span>\n\t\t<\/div>\n\t\t\t\t\t\t<\/div>\n\t\t\t\t<\/div>\n\t\t\t\t<div class=\"elementor-element elementor-element-31e78899 elementor-widget elementor-widget-text-editor\" data-id=\"31e78899\" data-element_type=\"widget\" data-e-type=\"widget\" data-widget_type=\"text-editor.default\">\n\t\t\t\t<div class=\"elementor-widget-container\">\n\t\t\t\t\t\t\t\t\t<div id=\"bgLayers_comp-jfus4nzw\" class=\"_3_wbk\"><div id=\"bgMedia_comp-jfus4nzw\" class=\"_33YMf\">IT GETS BETTER et IT GETS BETTER PROJECT sont des marques d\u00e9pos\u00e9es de Savage Love, LLC, l\u2019utilisation est autoris\u00e9e sur ce site Web sous la licence de the It Gets Better Project<\/div><\/div><div class=\"\" data-mesh-id=\"comp-jfus4nzwinlineContent\" data-testid=\"inline-content\"><div data-mesh-id=\"comp-jfus4nzwinlineContent-gridContainer\" data-testid=\"mesh-container-content\"><div id=\"comp-jfurvk6a\" class=\"_1Z_nJ\" data-testid=\"richTextElement\"><p class=\"font_9\">\u00a0<\/p><\/div><\/div><\/div>\t\t\t\t\t\t\t\t<\/div>\n\t\t\t\t<\/div>\n\t\t\t\t\t<\/div>\n\t\t<\/div>\n\t\t\t\t<div class=\"elementor-column elementor-col-33 elementor-inner-column elementor-element elementor-element-6dec8e5d\" data-id=\"6dec8e5d\" data-element_type=\"column\" data-e-type=\"column\">\n\t\t\t<div class=\"elementor-widget-wrap elementor-element-populated\">\n\t\t\t\t\t\t<div class=\"elementor-element elementor-element-5a4e5c62 elementor-widget elementor-widget-heading\" data-id=\"5a4e5c62\" data-element_type=\"widget\" data-e-type=\"widget\" data-widget_type=\"heading.default\">\n\t\t\t\t<div class=\"elementor-widget-container\">\n\t\t\t\t\t<h4 class=\"elementor-heading-title elementor-size-default\">Organisme de bienfaisance enregistr\u00e9 sous le num\u00e9ro 750714297 RR0001<\/h4>\t\t\t\t<\/div>\n\t\t\t\t<\/div>\n\t\t\t\t<div class=\"elementor-element elementor-element-17394432 elementor-mobile-align-center elementor-icon-list--layout-traditional elementor-list-item-link-full_width elementor-widget elementor-widget-icon-list\" data-id=\"17394432\" data-element_type=\"widget\" data-e-type=\"widget\" data-widget_type=\"icon-list.default\">\n\t\t\t\t<div class=\"elementor-widget-container\">\n\t\t\t\t\t\t\t<ul class=\"elementor-icon-list-items\">\n\t\t\t\t\t\t\t<li class=\"elementor-icon-list-item\">\n\t\t\t\t\t\t\t\t\t\t<span class=\"elementor-icon-list-text\"><\/span>\n\t\t\t\t\t\t\t\t\t<\/li>\n\t\t\t\t\t\t<\/ul>\n\t\t\t\t\t\t<\/div>\n\t\t\t\t<\/div>\n\t\t\t\t<div class=\"elementor-element elementor-element-2a9d7e1 elementor-widget elementor-widget-text-editor\" data-id=\"2a9d7e1\" data-element_type=\"widget\" data-e-type=\"widget\" data-widget_type=\"text-editor.default\">\n\t\t\t\t<div class=\"elementor-widget-container\">\n\t\t\t\t\t\t\t\t\t<p>IGB-CSA Canada<\/p>\t\t\t\t\t\t\t\t<\/div>\n\t\t\t\t<\/div>\n\t\t\t\t<div class=\"elementor-element elementor-element-2f14c955 elementor-widget-divider--view-line elementor-widget elementor-widget-divider\" data-id=\"2f14c955\" data-element_type=\"widget\" data-e-type=\"widget\" data-widget_type=\"divider.default\">\n\t\t\t\t<div class=\"elementor-widget-container\">\n\t\t\t\t\t\t\t<div class=\"elementor-divider\">\n\t\t\t<span class=\"elementor-divider-separator\">\n\t\t\t\t\t\t<\/span>\n\t\t<\/div>\n\t\t\t\t\t\t<\/div>\n\t\t\t\t<\/div>\n\t\t\t\t<div class=\"elementor-element elementor-element-515ce0dc elementor-shape-rounded elementor-grid-0 e-grid-align-center elementor-widget elementor-widget-social-icons\" data-id=\"515ce0dc\" data-element_type=\"widget\" data-e-type=\"widget\" data-widget_type=\"social-icons.default\">\n\t\t\t\t<div class=\"elementor-widget-container\">\n\t\t\t\t\t\t\t<div class=\"elementor-social-icons-wrapper elementor-grid\" role=\"list\">\n\t\t\t\t\t\t\t<span class=\"elementor-grid-item\" role=\"listitem\">\n\t\t\t\t\t<a class=\"elementor-icon elementor-social-icon elementor-social-icon-facebook elementor-repeater-item-d649ca0\" href=\"https:\/\/www.facebook.com\/ItGetsBetterCanada\" target=\"_blank\" rel=\"noopener\">\n\t\t\t\t\t\t<span class=\"elementor-screen-only\">Facebook<\/span>\n\t\t\t\t\t\t<i aria-hidden=\"true\" class=\"fab fa-facebook\"><\/i>\t\t\t\t\t<\/a>\n\t\t\t\t<\/span>\n\t\t\t\t\t\t\t<span class=\"elementor-grid-item\" role=\"listitem\">\n\t\t\t\t\t<a class=\"elementor-icon elementor-social-icon elementor-social-icon-twitter elementor-repeater-item-939c764\" href=\"https:\/\/twitter.com\/ItGetsBetterCA\" target=\"_blank\" rel=\"noopener\">\n\t\t\t\t\t\t<span class=\"elementor-screen-only\">Twitter<\/span>\n\t\t\t\t\t\t<i aria-hidden=\"true\" class=\"fab fa-twitter\"><\/i>\t\t\t\t\t<\/a>\n\t\t\t\t<\/span>\n\t\t\t\t\t\t\t<span class=\"elementor-grid-item\" role=\"listitem\">\n\t\t\t\t\t<a class=\"elementor-icon elementor-social-icon elementor-social-icon-instagram elementor-repeater-item-be18a7d\" href=\"https:\/\/www.instagram.com\/itgetsbettercanada\/\" target=\"_blank\" rel=\"noopener\">\n\t\t\t\t\t\t<span class=\"elementor-screen-only\">Instagram<\/span>\n\t\t\t\t\t\t<i aria-hidden=\"true\" class=\"fab fa-instagram\"><\/i>\t\t\t\t\t<\/a>\n\t\t\t\t<\/span>\n\t\t\t\t\t\t\t<span class=\"elementor-grid-item\" role=\"listitem\">\n\t\t\t\t\t<a class=\"elementor-icon elementor-social-icon elementor-social-icon-youtube elementor-repeater-item-1451a8a\" href=\"https:\/\/www.youtube.com\/itgetsbettercanada\" target=\"_blank\" rel=\"noopener\">\n\t\t\t\t\t\t<span class=\"elementor-screen-only\">Youtube<\/span>\n\t\t\t\t\t\t<i aria-hidden=\"true\" class=\"fab fa-youtube\"><\/i>\t\t\t\t\t<\/a>\n\t\t\t\t<\/span>\n\t\t\t\t\t<\/div>\n\t\t\t\t\t\t<\/div>\n\t\t\t\t<\/div>\n\t\t\t\t\t<\/div>\n\t\t<\/div>\n\t\t\t\t<div class=\"elementor-column elementor-col-33 elementor-inner-column elementor-element elementor-element-34659beb\" data-id=\"34659beb\" data-element_type=\"column\" data-e-type=\"column\">\n\t\t\t<div class=\"elementor-widget-wrap elementor-element-populated\">\n\t\t\t\t\t\t<div class=\"elementor-element elementor-element-43aec0db elementor-widget elementor-widget-image\" data-id=\"43aec0db\" data-element_type=\"widget\" data-e-type=\"widget\" data-widget_type=\"image.default\">\n\t\t\t\t<div class=\"elementor-widget-container\">\n\t\t\t\t\t\t\t\t\t\t\t\t\t\t\t<img decoding=\"async\" width=\"580\" height=\"142\" src=\"https:\/\/itgetsbettercanada.org\/wp-content\/uploads\/2021\/01\/IGB-RGB-Canada-White-02-1024x250.png\" class=\"attachment-large size-large wp-image-109\" alt=\"White IGBC logo\" srcset=\"https:\/\/itgetsbettercanada.org\/wp-content\/uploads\/2021\/01\/IGB-RGB-Canada-White-02-1024x250.png 1024w, https:\/\/itgetsbettercanada.org\/wp-content\/uploads\/2021\/01\/IGB-RGB-Canada-White-02-300x73.png 300w, https:\/\/itgetsbettercanada.org\/wp-content\/uploads\/2021\/01\/IGB-RGB-Canada-White-02-768x187.png 768w, https:\/\/itgetsbettercanada.org\/wp-content\/uploads\/2021\/01\/IGB-RGB-Canada-White-02-1536x375.png 1536w, https:\/\/itgetsbettercanada.org\/wp-content\/uploads\/2021\/01\/IGB-RGB-Canada-White-02-2048x500.png 2048w, https:\/\/itgetsbettercanada.org\/wp-content\/uploads\/2021\/01\/IGB-RGB-Canada-White-02-1200x293.png 1200w, https:\/\/itgetsbettercanada.org\/wp-content\/uploads\/2021\/01\/IGB-RGB-Canada-White-02-1980x483.png 1980w\" sizes=\"(max-width: 580px) 100vw, 580px\" \/>\t\t\t\t\t\t\t\t\t\t\t\t\t\t\t<\/div>\n\t\t\t\t<\/div>\n\t\t\t\t<div class=\"elementor-element elementor-element-13e1f422 elementor-widget elementor-widget-text-editor\" data-id=\"13e1f422\" data-element_type=\"widget\" data-e-type=\"widget\" data-widget_type=\"text-editor.default\">\n\t\t\t\t<div class=\"elementor-widget-container\">\n\t\t\t\t\t\t\t\t\t<div id=\"bgLayers_comp-jfus4nzw\" class=\"_3_wbk\"><div id=\"bgMedia_comp-jfus4nzw\" class=\"_33YMf\">Ce site Web est rendu possible gr\u00e2ce au soutien de It Gets Better Project, un organisme sans but lucratif qui travaille \u00e0 encourager, autonomiser et connecter les jeunes 2SLGBTQ+ partout dans le monde.<\/div><\/div><div class=\"\" data-mesh-id=\"comp-jfus4nzwinlineContent\" data-testid=\"inline-content\"><div data-mesh-id=\"comp-jfus4nzwinlineContent-gridContainer\" data-testid=\"mesh-container-content\"><div id=\"comp-jfurvk6a\" class=\"_1Z_nJ\" data-testid=\"richTextElement\"><p class=\"font_9\">\u00a0<\/p><\/div><\/div><\/div>\t\t\t\t\t\t\t\t<\/div>\n\t\t\t\t<\/div>\n\t\t\t\t\t<\/div>\n\t\t<\/div>\n\t\t\t\t\t<\/div>\n\t\t<\/section>\n\t\t\t\t<section class=\"elementor-section elementor-top-section elementor-element elementor-element-2a8a443d elementor-section-boxed elementor-section-height-default elementor-section-height-default\" data-id=\"2a8a443d\" data-element_type=\"section\" data-e-type=\"section\">\n\t\t\t\t\t\t<div class=\"elementor-container elementor-column-gap-default\">\n\t\t\t\t\t<div class=\"elementor-column elementor-col-50 elementor-top-column elementor-element elementor-element-19127beb\" data-id=\"19127beb\" data-element_type=\"column\" data-e-type=\"column\">\n\t\t\t<div class=\"elementor-widget-wrap elementor-element-populated\">\n\t\t\t\t\t\t<div class=\"elementor-element elementor-element-584feb92 elementor-widget elementor-widget-image\" data-id=\"584feb92\" data-element_type=\"widget\" data-e-type=\"widget\" data-widget_type=\"image.default\">\n\t\t\t\t<div class=\"elementor-widget-container\">\n\t\t\t\t\t\t\t\t\t\t\t\t\t\t\t\t<a href=\"https:\/\/itgetsbetter.org\/\" target=\"_blank\" rel=\"noopener\">\n\t\t\t\t\t\t\t<img decoding=\"async\" width=\"580\" height=\"38\" src=\"https:\/\/itgetsbettercanada.org\/wp-content\/uploads\/2021\/01\/Full-Color_Horizontal-IGBP-RGB.png\" class=\"attachment-large size-large wp-image-694\" alt=\"It Gets Better Project logo\" srcset=\"https:\/\/itgetsbettercanada.org\/wp-content\/uploads\/2021\/01\/Full-Color_Horizontal-IGBP-RGB.png 617w, https:\/\/itgetsbettercanada.org\/wp-content\/uploads\/2021\/01\/Full-Color_Horizontal-IGBP-RGB-300x19.png 300w\" sizes=\"(max-width: 580px) 100vw, 580px\" \/>\t\t\t\t\t\t\t\t<\/a>\n\t\t\t\t\t\t\t\t\t\t\t\t\t\t\t<\/div>\n\t\t\t\t<\/div>\n\t\t\t\t\t<\/div>\n\t\t<\/div>\n\t\t\t\t<div class=\"elementor-column elementor-col-25 elementor-top-column elementor-element elementor-element-70bc2688\" data-id=\"70bc2688\" data-element_type=\"column\" data-e-type=\"column\">\n\t\t\t<div class=\"elementor-widget-wrap elementor-element-populated\">\n\t\t\t\t\t\t<div class=\"elementor-element elementor-element-49ff3449 elementor-widget elementor-widget-text-editor\" data-id=\"49ff3449\" data-element_type=\"widget\" data-e-type=\"widget\" data-widget_type=\"text-editor.default\">\n\t\t\t\t<div class=\"elementor-widget-container\">\n\t\t\t\t\t\t\t\t\t<p>\u00a0 \u00a0 \u00a0 \u00a0<a href=\"http:\/\/56c.9d1.myftpupload.com\/about\/\" target=\"_blank\" rel=\"noopener\">\u00c0 propos<\/a>\u00a0 \u00a0 \u00a0 \u00a0 \u00a0 \u00a0<a href=\"http:\/\/56c.9d1.myftpupload.com\/stories\/\" target=\"_blank\" rel=\"noopener\">Les histoires<\/a><\/p>\t\t\t\t\t\t\t\t<\/div>\n\t\t\t\t<\/div>\n\t\t\t\t\t<\/div>\n\t\t<\/div>\n\t\t\t\t<div class=\"elementor-column elementor-col-25 elementor-top-column elementor-element elementor-element-3d48677f\" data-id=\"3d48677f\" data-element_type=\"column\" data-e-type=\"column\">\n\t\t\t<div class=\"elementor-widget-wrap elementor-element-populated\">\n\t\t\t\t\t\t<div class=\"elementor-element elementor-element-2557ac74 elementor-widget elementor-widget-text-editor\" data-id=\"2557ac74\" data-element_type=\"widget\" data-e-type=\"widget\" data-widget_type=\"text-editor.default\">\n\t\t\t\t<div class=\"elementor-widget-container\">\n\t\t\t\t\t\t\t\t\t<p><a href=\"http:\/\/56c.9d1.myftpupload.com\/donate\/\" target=\"_blank\" rel=\"noopener\">Faire un don<\/a>\u00a0 \u00a0 \u00a0 <a href=\"http:\/\/56c.9d1.myftpupload.com\/privacy-policy\/\" target=\"_blank\" rel=\"noopener\">Politique de confidentialit\u00e9<\/a><\/p>\t\t\t\t\t\t\t\t<\/div>\n\t\t\t\t<\/div>\n\t\t\t\t\t<\/div>\n\t\t<\/div>\n\t\t\t\t\t<\/div>\n\t\t<\/section>\n\t\t\t\t<\/div>","protected":false},"excerpt":{"rendered":"<p>Jobs at It Gets Better Canada Are you passionate about supporting Canada&#8217;s 2SLGBTQ+ youth? Join our efforts as we continue to uplift and empower queer youth from coast-to-coast and apply to join our board today. It Gets Better Canada envisions a day when no young person in Canada feels marginalized, isolated, excluded or rejected because [&hellip;]<\/p>\n","protected":false},"author":1,"featured_media":8284,"parent":0,"menu_order":0,"comment_status":"closed","ping_status":"closed","template":"","meta":{"om_disable_all_campaigns":false,"_monsterinsights_skip_tracking":false,"_monsterinsights_sitenote_active":false,"_monsterinsights_sitenote_note":"","_monsterinsights_sitenote_category":0,"_uf_show_specific_survey":0,"_uf_disable_surveys":false,"footnotes":""},"categories":[],"tags":[],"class_list":["post-9354","page","type-page","status-publish","has-post-thumbnail","hentry"],"aioseo_notices":[],"_links":{"self":[{"href":"https:\/\/itgetsbettercanada.org\/fr\/wp-json\/wp\/v2\/pages\/9354","targetHints":{"allow":["GET"]}}],"collection":[{"href":"https:\/\/itgetsbettercanada.org\/fr\/wp-json\/wp\/v2\/pages"}],"about":[{"href":"https:\/\/itgetsbettercanada.org\/fr\/wp-json\/wp\/v2\/types\/page"}],"author":[{"embeddable":true,"href":"https:\/\/itgetsbettercanada.org\/fr\/wp-json\/wp\/v2\/users\/1"}],"replies":[{"embeddable":true,"href":"https:\/\/itgetsbettercanada.org\/fr\/wp-json\/wp\/v2\/comments?post=9354"}],"version-history":[{"count":39,"href":"https:\/\/itgetsbettercanada.org\/fr\/wp-json\/wp\/v2\/pages\/9354\/revisions"}],"predecessor-version":[{"id":13498,"href":"https:\/\/itgetsbettercanada.org\/fr\/wp-json\/wp\/v2\/pages\/9354\/revisions\/13498"}],"wp:featuredmedia":[{"embeddable":true,"href":"https:\/\/itgetsbettercanada.org\/fr\/wp-json\/wp\/v2\/media\/8284"}],"wp:attachment":[{"href":"https:\/\/itgetsbettercanada.org\/fr\/wp-json\/wp\/v2\/media?parent=9354"}],"wp:term":[{"taxonomy":"category","embeddable":true,"href":"https:\/\/itgetsbettercanada.org\/fr\/wp-json\/wp\/v2\/categories?post=9354"},{"taxonomy":"post_tag","embeddable":true,"href":"https:\/\/itgetsbettercanada.org\/fr\/wp-json\/wp\/v2\/tags?post=9354"}],"curies":[{"name":"wp","href":"https:\/\/api.w.org\/{rel}","templated":true}]}}