{"id":5058,"date":"2023-02-14T17:42:01","date_gmt":"2023-02-14T22:42:01","guid":{"rendered":"https:\/\/itgetsbettercanada.org\/?page_id=5058"},"modified":"2024-07-10T11:43:06","modified_gmt":"2024-07-10T15:43:06","slug":"2slgbtq-health-organizations","status":"publish","type":"page","link":"https:\/\/itgetsbettercanada.org\/fr\/2slgbtq-health-organizations\/","title":{"rendered":"Organismes veillant \u00e0 la sant\u00e9 2SLGBTQ"},"content":{"rendered":"<div data-elementor-type=\"wp-page\" data-elementor-id=\"5058\" class=\"elementor elementor-5058\" data-elementor-post-type=\"page\">\n\t\t\t\t\t\t<section class=\"elementor-section elementor-top-section elementor-element elementor-element-8cc8873 elementor-section-boxed elementor-section-height-default elementor-section-height-default\" data-id=\"8cc8873\" data-element_type=\"section\" data-e-type=\"section\" data-settings=\"{&quot;background_background&quot;:&quot;classic&quot;}\">\n\t\t\t\t\t\t<div class=\"elementor-container elementor-column-gap-default\">\n\t\t\t\t\t<div class=\"elementor-column elementor-col-66 elementor-top-column elementor-element elementor-element-219fb42\" data-id=\"219fb42\" data-element_type=\"column\" data-e-type=\"column\">\n\t\t\t<div class=\"elementor-widget-wrap elementor-element-populated\">\n\t\t\t\t\t\t<div class=\"elementor-element elementor-element-72ced77 elementor-widget elementor-widget-heading\" data-id=\"72ced77\" data-element_type=\"widget\" data-e-type=\"widget\" data-widget_type=\"heading.default\">\n\t\t\t\t<div class=\"elementor-widget-container\">\n\t\t\t\t\t<h2 class=\"elementor-heading-title elementor-size-xxl\">Organismes veillant \u00e0 la sant\u00e9 2SLGBTQ <\/h2>\t\t\t\t<\/div>\n\t\t\t\t<\/div>\n\t\t\t\t\t<\/div>\n\t\t<\/div>\n\t\t\t\t<div class=\"elementor-column elementor-col-33 elementor-top-column elementor-element elementor-element-82d6d32\" data-id=\"82d6d32\" data-element_type=\"column\" data-e-type=\"column\">\n\t\t\t<div class=\"elementor-widget-wrap\">\n\t\t\t\t\t\t\t<\/div>\n\t\t<\/div>\n\t\t\t\t\t<\/div>\n\t\t<\/section>\n\t\t\t\t<section class=\"elementor-section elementor-top-section elementor-element elementor-element-f46b82f elementor-section-boxed elementor-section-height-default elementor-section-height-default\" data-id=\"f46b82f\" data-element_type=\"section\" data-e-type=\"section\" data-settings=\"{&quot;background_background&quot;:&quot;classic&quot;}\">\n\t\t\t\t\t\t<div class=\"elementor-container elementor-column-gap-default\">\n\t\t\t\t\t<div class=\"elementor-column elementor-col-100 elementor-top-column elementor-element elementor-element-8f60e9d\" data-id=\"8f60e9d\" data-element_type=\"column\" data-e-type=\"column\">\n\t\t\t<div class=\"elementor-widget-wrap elementor-element-populated\">\n\t\t\t\t\t\t<div class=\"elementor-element elementor-element-8c3efb7 elementor-widget elementor-widget-text-editor\" data-id=\"8c3efb7\" data-element_type=\"widget\" data-e-type=\"widget\" data-widget_type=\"text-editor.default\">\n\t\t\t\t<div class=\"elementor-widget-container\">\n\t\t\t\t\t\t\t\t\t<p>Everyone deserves access to healthcare free from discrimination and 2SLGBTQ+ health organizations are a great place to start. This list is ongoing and we encourage you to do your own research as well to find the best availble care for you. Know an organizations we missed? Send us an email at <a href=\"mailto:info@itgetsbettercanada.org\">info@itgetsbettercanada.org<\/a> and we would be happy to add them to our list.<\/p>\t\t\t\t\t\t\t\t<\/div>\n\t\t\t\t<\/div>\n\t\t\t\t<div class=\"elementor-element elementor-element-af491d6 elementor-widget elementor-widget-text-editor\" data-id=\"af491d6\" data-element_type=\"widget\" data-e-type=\"widget\" data-widget_type=\"text-editor.default\">\n\t\t\t\t<div class=\"elementor-widget-container\">\n\t\t\t\t\t\t\t\t\t<h5><a href=\"https:\/\/centremeraki.com\/fr\/\" target=\"_blank\" rel=\"noopener\"><strong>Clinique Quorum &#8211; Montreal<\/strong><\/a><\/h5><p>Le Centre de sant\u00e9 Meraki de Montr\u00e9al offre une grande gamme de services aux personnes transgenres, incluant l\u2019initiation et le suivi en lien avec l\u2019hormonoth\u00e9rapie ainsi que des services de counselling.<\/p><h5><a href=\"https:\/\/centremeraki.com\/fr\/\" target=\"_blank\" rel=\"noopener\"><strong>Meraki Health Centre &#8211; Montreal<\/strong><\/a><\/h5><p><span style=\"font-weight: 400;\">Le Centre de sant\u00e9 Meraki de Montr\u00e9al offre une grande gamme de services aux personnes transgenres, incluant l\u2019initiation et le suivi en lien avec l\u2019hormonoth\u00e9rapie ainsi que des services de counselling.<\/span><\/p><h5><a href=\"https:\/\/www.vch.ca\/en\/service\/prism-services\" target=\"_blank\" rel=\"noopener\"><strong>Prism Services &#8211; Vancouver<\/strong><\/a><\/h5><p><span style=\"font-weight: 400;\">Prism Services, c\u2019est une branche de Vancouver Coastal Health qui offre des services d\u2019\u00e9ducation, d\u2019information et de r\u00e9f\u00e9rences aux communaut\u00e9s lesbiennes, gaies, bisexuelles, trans, bispirituelles et queer + (LGBT2Q+).<\/span><\/p><h5><a href=\"https:\/\/www.rainbowhealthontario.ca\/lgbt2sq-health\/service-provider-directory\/\" target=\"_blank\" rel=\"noopener\"><strong>Rainbow Health Ontario &#8211; Ontario<\/strong><\/a><\/h5><p><span style=\"font-weight: 400;\">Offre de l\u2019\u00e9ducation et des formations au sujet de la sant\u00e9 2SLGBTQ ainsi qu\u2019un r\u00e9pertoire con\u00e7u pour t\u2019aider \u00e0 trouver des personnes prestataires de services de sant\u00e9 et de services sociaux qui se sont engag\u00e9es \u00e0 fournir des soins comp\u00e9tents et accueillants aux personnes LGBT2SQ en Ontario.<\/span><\/p><h5><a href=\"https:\/\/www.camh.ca\/fr\/vos-soins\/programmes-et-services\/rainbow-services-lgbtq\" target=\"_blank\" rel=\"noopener\"><strong>Rainbow Services (LGBTQ) &#8211; CAMH &#8211; Ontario<\/strong><\/a><\/h5><p><span style=\"font-weight: 400;\">Counseling offert aux personnes lesbiennes, gaies, bisexuelles, transgenres, transsexuelles, bispirituelles et intersexuelles pr\u00e9occup\u00e9es par leur consommation de drogues et d\u2019alcool.<\/span><\/p><h5><a href=\"https:\/\/www.wellnesscentreab.ca\" target=\"_blank\" rel=\"noopener\"><strong>The LGBTQ Wellness Centre &#8211; Alberta<\/strong><\/a><\/h5><p><span style=\"font-weight: 400;\">Ce centre offre des services en lien avec le soutien en situation de crise, le soutien des personnes ayant besoin d\u2019acc\u00e9der \u00e0 des soins, des formations pour les m\u00e9decins de famille et pour d\u2019autres prestataires de soins de sant\u00e9.<\/span><\/p>\t\t\t\t\t\t\t\t<\/div>\n\t\t\t\t<\/div>\n\t\t\t\t\t<\/div>\n\t\t<\/div>\n\t\t\t\t\t<\/div>\n\t\t<\/section>\n\t\t\t\t<section class=\"elementor-section elementor-inner-section elementor-element elementor-element-286d56f7 elementor-section-boxed elementor-section-height-default elementor-section-height-default\" data-id=\"286d56f7\" data-element_type=\"section\" data-e-type=\"section\" data-settings=\"{&quot;background_background&quot;:&quot;classic&quot;}\">\n\t\t\t\t\t\t<div class=\"elementor-container elementor-column-gap-default\">\n\t\t\t\t\t<div class=\"elementor-column elementor-col-33 elementor-inner-column elementor-element elementor-element-7f1735d\" data-id=\"7f1735d\" data-element_type=\"column\" data-e-type=\"column\">\n\t\t\t<div class=\"elementor-widget-wrap elementor-element-populated\">\n\t\t\t\t\t\t<div class=\"elementor-element elementor-element-4465b09f elementor-widget elementor-widget-heading\" data-id=\"4465b09f\" data-element_type=\"widget\" data-e-type=\"widget\" data-widget_type=\"heading.default\">\n\t\t\t\t<div class=\"elementor-widget-container\">\n\t\t\t\t\t<h4 class=\"elementor-heading-title elementor-size-default\">It Gets Better Canada est membre officiel du It Gets Better International Affiliate Network<\/h4>\t\t\t\t<\/div>\n\t\t\t\t<\/div>\n\t\t\t\t<div class=\"elementor-element elementor-element-13d15c1e elementor-widget-divider--view-line elementor-widget elementor-widget-divider\" data-id=\"13d15c1e\" data-element_type=\"widget\" data-e-type=\"widget\" data-widget_type=\"divider.default\">\n\t\t\t\t<div class=\"elementor-widget-container\">\n\t\t\t\t\t\t\t<div class=\"elementor-divider\">\n\t\t\t<span class=\"elementor-divider-separator\">\n\t\t\t\t\t\t<\/span>\n\t\t<\/div>\n\t\t\t\t\t\t<\/div>\n\t\t\t\t<\/div>\n\t\t\t\t<div class=\"elementor-element elementor-element-5fdae955 elementor-widget elementor-widget-text-editor\" data-id=\"5fdae955\" data-element_type=\"widget\" data-e-type=\"widget\" data-widget_type=\"text-editor.default\">\n\t\t\t\t<div class=\"elementor-widget-container\">\n\t\t\t\t\t\t\t\t\t<div id=\"bgLayers_comp-jfus4nzw\" class=\"_3_wbk\"><div id=\"bgMedia_comp-jfus4nzw\" class=\"_33YMf\">IT GETS BETTER et IT GETS BETTER PROJECT sont des marques d\u00e9pos\u00e9es de Savage Love, LLC, l\u2019utilisation est autoris\u00e9e sur ce site Web sous la licence de the It Gets Better Project<\/div><\/div><div class=\"\" data-mesh-id=\"comp-jfus4nzwinlineContent\" data-testid=\"inline-content\"><div data-mesh-id=\"comp-jfus4nzwinlineContent-gridContainer\" data-testid=\"mesh-container-content\"><div id=\"comp-jfurvk6a\" class=\"_1Z_nJ\" data-testid=\"richTextElement\"><p class=\"font_9\">\u00a0<\/p><\/div><\/div><\/div>\t\t\t\t\t\t\t\t<\/div>\n\t\t\t\t<\/div>\n\t\t\t\t\t<\/div>\n\t\t<\/div>\n\t\t\t\t<div class=\"elementor-column elementor-col-33 elementor-inner-column elementor-element elementor-element-6af462d8\" data-id=\"6af462d8\" data-element_type=\"column\" data-e-type=\"column\">\n\t\t\t<div class=\"elementor-widget-wrap elementor-element-populated\">\n\t\t\t\t\t\t<div class=\"elementor-element elementor-element-20f2ad0f elementor-widget elementor-widget-heading\" data-id=\"20f2ad0f\" data-element_type=\"widget\" data-e-type=\"widget\" data-widget_type=\"heading.default\">\n\t\t\t\t<div class=\"elementor-widget-container\">\n\t\t\t\t\t<h4 class=\"elementor-heading-title elementor-size-default\">Organisme de bienfaisance enregistr\u00e9 sous le num\u00e9ro 750714297 RR0001<\/h4>\t\t\t\t<\/div>\n\t\t\t\t<\/div>\n\t\t\t\t<div class=\"elementor-element elementor-element-6e4153a6 elementor-mobile-align-center elementor-icon-list--layout-traditional elementor-list-item-link-full_width elementor-widget elementor-widget-icon-list\" data-id=\"6e4153a6\" data-element_type=\"widget\" data-e-type=\"widget\" data-widget_type=\"icon-list.default\">\n\t\t\t\t<div class=\"elementor-widget-container\">\n\t\t\t\t\t\t\t<ul class=\"elementor-icon-list-items\">\n\t\t\t\t\t\t\t<li class=\"elementor-icon-list-item\">\n\t\t\t\t\t\t\t\t\t\t<span class=\"elementor-icon-list-text\"><\/span>\n\t\t\t\t\t\t\t\t\t<\/li>\n\t\t\t\t\t\t<\/ul>\n\t\t\t\t\t\t<\/div>\n\t\t\t\t<\/div>\n\t\t\t\t<div class=\"elementor-element elementor-element-2eb9a2c3 elementor-widget elementor-widget-text-editor\" data-id=\"2eb9a2c3\" data-element_type=\"widget\" data-e-type=\"widget\" data-widget_type=\"text-editor.default\">\n\t\t\t\t<div class=\"elementor-widget-container\">\n\t\t\t\t\t\t\t\t\t<p>IGB-CSA Canada<\/p>\t\t\t\t\t\t\t\t<\/div>\n\t\t\t\t<\/div>\n\t\t\t\t<div class=\"elementor-element elementor-element-421e0880 elementor-widget-divider--view-line elementor-widget elementor-widget-divider\" data-id=\"421e0880\" data-element_type=\"widget\" data-e-type=\"widget\" data-widget_type=\"divider.default\">\n\t\t\t\t<div class=\"elementor-widget-container\">\n\t\t\t\t\t\t\t<div class=\"elementor-divider\">\n\t\t\t<span class=\"elementor-divider-separator\">\n\t\t\t\t\t\t<\/span>\n\t\t<\/div>\n\t\t\t\t\t\t<\/div>\n\t\t\t\t<\/div>\n\t\t\t\t<div class=\"elementor-element elementor-element-106d432a elementor-shape-rounded elementor-grid-0 e-grid-align-center elementor-widget elementor-widget-social-icons\" data-id=\"106d432a\" data-element_type=\"widget\" data-e-type=\"widget\" data-widget_type=\"social-icons.default\">\n\t\t\t\t<div class=\"elementor-widget-container\">\n\t\t\t\t\t\t\t<div class=\"elementor-social-icons-wrapper elementor-grid\" role=\"list\">\n\t\t\t\t\t\t\t<span class=\"elementor-grid-item\" role=\"listitem\">\n\t\t\t\t\t<a class=\"elementor-icon elementor-social-icon elementor-social-icon-facebook elementor-repeater-item-d649ca0\" href=\"https:\/\/www.facebook.com\/ItGetsBetterCanada\" target=\"_blank\" rel=\"noopener\">\n\t\t\t\t\t\t<span class=\"elementor-screen-only\">Facebook<\/span>\n\t\t\t\t\t\t<i aria-hidden=\"true\" class=\"fab fa-facebook\"><\/i>\t\t\t\t\t<\/a>\n\t\t\t\t<\/span>\n\t\t\t\t\t\t\t<span class=\"elementor-grid-item\" role=\"listitem\">\n\t\t\t\t\t<a class=\"elementor-icon elementor-social-icon elementor-social-icon-twitter elementor-repeater-item-939c764\" href=\"https:\/\/twitter.com\/ItGetsBetterCA\" target=\"_blank\" rel=\"noopener\">\n\t\t\t\t\t\t<span class=\"elementor-screen-only\">Twitter<\/span>\n\t\t\t\t\t\t<i aria-hidden=\"true\" class=\"fab fa-twitter\"><\/i>\t\t\t\t\t<\/a>\n\t\t\t\t<\/span>\n\t\t\t\t\t\t\t<span class=\"elementor-grid-item\" role=\"listitem\">\n\t\t\t\t\t<a class=\"elementor-icon elementor-social-icon elementor-social-icon-instagram elementor-repeater-item-be18a7d\" href=\"https:\/\/www.instagram.com\/itgetsbettercanada\/\" target=\"_blank\" rel=\"noopener\">\n\t\t\t\t\t\t<span class=\"elementor-screen-only\">Instagram<\/span>\n\t\t\t\t\t\t<i aria-hidden=\"true\" class=\"fab fa-instagram\"><\/i>\t\t\t\t\t<\/a>\n\t\t\t\t<\/span>\n\t\t\t\t\t\t\t<span class=\"elementor-grid-item\" role=\"listitem\">\n\t\t\t\t\t<a class=\"elementor-icon elementor-social-icon elementor-social-icon-tiktok elementor-repeater-item-9d61074\" href=\"http:\/\/privacy@itgetsbettercanada.org\/fr\/\" target=\"_blank\">\n\t\t\t\t\t\t<span class=\"elementor-screen-only\">Tiktok<\/span>\n\t\t\t\t\t\t<i aria-hidden=\"true\" class=\"fab fa-tiktok\"><\/i>\t\t\t\t\t<\/a>\n\t\t\t\t<\/span>\n\t\t\t\t\t\t\t<span class=\"elementor-grid-item\" role=\"listitem\">\n\t\t\t\t\t<a class=\"elementor-icon elementor-social-icon elementor-social-icon-youtube elementor-repeater-item-1451a8a\" href=\"https:\/\/www.youtube.com\/itgetsbettercanada\" target=\"_blank\" rel=\"noopener\">\n\t\t\t\t\t\t<span class=\"elementor-screen-only\">Youtube<\/span>\n\t\t\t\t\t\t<i aria-hidden=\"true\" class=\"fab fa-youtube\"><\/i>\t\t\t\t\t<\/a>\n\t\t\t\t<\/span>\n\t\t\t\t\t<\/div>\n\t\t\t\t\t\t<\/div>\n\t\t\t\t<\/div>\n\t\t\t\t\t<\/div>\n\t\t<\/div>\n\t\t\t\t<div class=\"elementor-column elementor-col-33 elementor-inner-column elementor-element elementor-element-b51676\" data-id=\"b51676\" data-element_type=\"column\" data-e-type=\"column\">\n\t\t\t<div class=\"elementor-widget-wrap elementor-element-populated\">\n\t\t\t\t\t\t<div class=\"elementor-element elementor-element-166054e9 elementor-widget elementor-widget-image\" data-id=\"166054e9\" data-element_type=\"widget\" data-e-type=\"widget\" data-widget_type=\"image.default\">\n\t\t\t\t<div class=\"elementor-widget-container\">\n\t\t\t\t\t\t\t\t\t\t\t\t\t\t\t<img fetchpriority=\"high\" decoding=\"async\" width=\"580\" height=\"142\" src=\"https:\/\/itgetsbettercanada.org\/wp-content\/uploads\/2021\/01\/IGB-RGB-Canada-White-02-1024x250.png\" class=\"attachment-large size-large wp-image-109\" alt=\"White IGBC logo\" srcset=\"https:\/\/itgetsbettercanada.org\/wp-content\/uploads\/2021\/01\/IGB-RGB-Canada-White-02-1024x250.png 1024w, https:\/\/itgetsbettercanada.org\/wp-content\/uploads\/2021\/01\/IGB-RGB-Canada-White-02-300x73.png 300w, https:\/\/itgetsbettercanada.org\/wp-content\/uploads\/2021\/01\/IGB-RGB-Canada-White-02-768x187.png 768w, https:\/\/itgetsbettercanada.org\/wp-content\/uploads\/2021\/01\/IGB-RGB-Canada-White-02-1536x375.png 1536w, https:\/\/itgetsbettercanada.org\/wp-content\/uploads\/2021\/01\/IGB-RGB-Canada-White-02-2048x500.png 2048w, https:\/\/itgetsbettercanada.org\/wp-content\/uploads\/2021\/01\/IGB-RGB-Canada-White-02-1200x293.png 1200w, https:\/\/itgetsbettercanada.org\/wp-content\/uploads\/2021\/01\/IGB-RGB-Canada-White-02-1980x483.png 1980w\" sizes=\"(max-width: 580px) 100vw, 580px\" \/>\t\t\t\t\t\t\t\t\t\t\t\t\t\t\t<\/div>\n\t\t\t\t<\/div>\n\t\t\t\t<div class=\"elementor-element elementor-element-1d49d9df elementor-widget elementor-widget-text-editor\" data-id=\"1d49d9df\" data-element_type=\"widget\" data-e-type=\"widget\" data-widget_type=\"text-editor.default\">\n\t\t\t\t<div class=\"elementor-widget-container\">\n\t\t\t\t\t\t\t\t\t<div id=\"bgLayers_comp-jfus4nzw\" class=\"_3_wbk\"><div id=\"bgMedia_comp-jfus4nzw\" class=\"_33YMf\">Ce site Web est rendu possible gr\u00e2ce au soutien de It Gets Better Project, un organisme sans but lucratif qui travaille \u00e0 encourager, autonomiser et connecter les jeunes 2SLGBTQ+ partout dans le monde.<\/div><\/div><div class=\"\" data-mesh-id=\"comp-jfus4nzwinlineContent\" data-testid=\"inline-content\"><div data-mesh-id=\"comp-jfus4nzwinlineContent-gridContainer\" data-testid=\"mesh-container-content\"><div id=\"comp-jfurvk6a\" class=\"_1Z_nJ\" data-testid=\"richTextElement\"><p class=\"font_9\">\u00a0<\/p><\/div><\/div><\/div>\t\t\t\t\t\t\t\t<\/div>\n\t\t\t\t<\/div>\n\t\t\t\t\t<\/div>\n\t\t<\/div>\n\t\t\t\t\t<\/div>\n\t\t<\/section>\n\t\t\t\t<\/div>","protected":false},"excerpt":{"rendered":"<p>2SLGBTQ+ Health Organizations Everyone deserves access to healthcare free from discrimination and 2SLGBTQ+ health organizations are a great place to start. This list is ongoing and we encourage you to do your own research as well to find the best availble care for you. Know an organizations we missed? Send us an email at info@itgetsbettercanada.org [&hellip;]<\/p>\n","protected":false},"author":4,"featured_media":1737,"parent":0,"menu_order":0,"comment_status":"closed","ping_status":"closed","template":"","meta":{"om_disable_all_campaigns":false,"_monsterinsights_skip_tracking":false,"_monsterinsights_sitenote_active":false,"_monsterinsights_sitenote_note":"","_monsterinsights_sitenote_category":0,"_uf_show_specific_survey":0,"_uf_disable_surveys":false,"footnotes":""},"categories":[],"tags":[84],"class_list":["post-5058","page","type-page","status-publish","has-post-thumbnail","hentry","tag-self-help-care"],"aioseo_notices":[],"_links":{"self":[{"href":"https:\/\/itgetsbettercanada.org\/fr\/wp-json\/wp\/v2\/pages\/5058","targetHints":{"allow":["GET"]}}],"collection":[{"href":"https:\/\/itgetsbettercanada.org\/fr\/wp-json\/wp\/v2\/pages"}],"about":[{"href":"https:\/\/itgetsbettercanada.org\/fr\/wp-json\/wp\/v2\/types\/page"}],"author":[{"embeddable":true,"href":"https:\/\/itgetsbettercanada.org\/fr\/wp-json\/wp\/v2\/users\/4"}],"replies":[{"embeddable":true,"href":"https:\/\/itgetsbettercanada.org\/fr\/wp-json\/wp\/v2\/comments?post=5058"}],"version-history":[{"count":59,"href":"https:\/\/itgetsbettercanada.org\/fr\/wp-json\/wp\/v2\/pages\/5058\/revisions"}],"predecessor-version":[{"id":12881,"href":"https:\/\/itgetsbettercanada.org\/fr\/wp-json\/wp\/v2\/pages\/5058\/revisions\/12881"}],"wp:featuredmedia":[{"embeddable":true,"href":"https:\/\/itgetsbettercanada.org\/fr\/wp-json\/wp\/v2\/media\/1737"}],"wp:attachment":[{"href":"https:\/\/itgetsbettercanada.org\/fr\/wp-json\/wp\/v2\/media?parent=5058"}],"wp:term":[{"taxonomy":"category","embeddable":true,"href":"https:\/\/itgetsbettercanada.org\/fr\/wp-json\/wp\/v2\/categories?post=5058"},{"taxonomy":"post_tag","embeddable":true,"href":"https:\/\/itgetsbettercanada.org\/fr\/wp-json\/wp\/v2\/tags?post=5058"}],"curies":[{"name":"wp","href":"https:\/\/api.w.org\/{rel}","templated":true}]}}