{"id":4,"date":"2021-01-05T17:15:33","date_gmt":"2021-01-05T22:15:33","guid":{"rendered":"https:\/\/itgetsbettercanada.org\/?page_id=2"},"modified":"2025-12-19T09:57:29","modified_gmt":"2025-12-19T14:57:29","slug":"donate","status":"publish","type":"page","link":"https:\/\/itgetsbettercanada.org\/fr\/donate\/","title":{"rendered":"Faire un don"},"content":{"rendered":"<div data-elementor-type=\"wp-page\" data-elementor-id=\"4\" class=\"elementor elementor-4\" data-elementor-post-type=\"page\">\n\t\t\t\t\t\t<section class=\"elementor-section elementor-top-section elementor-element elementor-element-61f2563 elementor-section-boxed elementor-section-height-default elementor-section-height-default\" data-id=\"61f2563\" data-element_type=\"section\" data-e-type=\"section\" data-settings=\"{&quot;background_background&quot;:&quot;classic&quot;}\">\n\t\t\t\t\t\t<div class=\"elementor-container elementor-column-gap-default\">\n\t\t\t\t\t<div class=\"elementor-column elementor-col-100 elementor-top-column elementor-element elementor-element-e12a825\" data-id=\"e12a825\" data-element_type=\"column\" data-e-type=\"column\">\n\t\t\t<div class=\"elementor-widget-wrap elementor-element-populated\">\n\t\t\t\t\t\t<div class=\"elementor-element elementor-element-18e51c2f elementor-widget elementor-widget-heading\" data-id=\"18e51c2f\" data-element_type=\"widget\" data-e-type=\"widget\" data-widget_type=\"heading.default\">\n\t\t\t\t<div class=\"elementor-widget-container\">\n\t\t\t\t\t<h3 class=\"elementor-heading-title elementor-size-default\">Les jeunes d\u2019aujourd\u2019hui ont besoin de savoir qu\u2019iels ne sont pas seul\u00b7es.<\/h3>\t\t\t\t<\/div>\n\t\t\t\t<\/div>\n\t\t\t\t<div class=\"elementor-element elementor-element-700e317 elementor-widget-divider--view-line elementor-widget elementor-widget-divider\" data-id=\"700e317\" data-element_type=\"widget\" data-e-type=\"widget\" data-widget_type=\"divider.default\">\n\t\t\t\t<div class=\"elementor-widget-container\">\n\t\t\t\t\t\t\t<div class=\"elementor-divider\">\n\t\t\t<span class=\"elementor-divider-separator\">\n\t\t\t\t\t\t<\/span>\n\t\t<\/div>\n\t\t\t\t\t\t<\/div>\n\t\t\t\t<\/div>\n\t\t\t\t<div class=\"elementor-element elementor-element-59586da elementor-widget elementor-widget-heading\" data-id=\"59586da\" data-element_type=\"widget\" data-e-type=\"widget\" data-widget_type=\"heading.default\">\n\t\t\t\t<div class=\"elementor-widget-container\">\n\t\t\t\t\t<h2 class=\"elementor-heading-title elementor-size-default\">Faites un don d\u00e8s aujourd\u2019hui<\/h2>\t\t\t\t<\/div>\n\t\t\t\t<\/div>\n\t\t\t\t\t<\/div>\n\t\t<\/div>\n\t\t\t\t\t<\/div>\n\t\t<\/section>\n\t\t\t\t<section class=\"elementor-section elementor-top-section elementor-element elementor-element-0b1aa4e elementor-section-boxed elementor-section-height-default elementor-section-height-default\" data-id=\"0b1aa4e\" data-element_type=\"section\" data-e-type=\"section\">\n\t\t\t\t\t\t<div class=\"elementor-container elementor-column-gap-default\">\n\t\t\t\t\t<div class=\"elementor-column elementor-col-50 elementor-top-column elementor-element elementor-element-efa5f01\" data-id=\"efa5f01\" data-element_type=\"column\" data-e-type=\"column\">\n\t\t\t<div class=\"elementor-widget-wrap elementor-element-populated\">\n\t\t\t\t\t\t<div class=\"elementor-element elementor-element-dac25f5 elementor-widget elementor-widget-video\" data-id=\"dac25f5\" data-element_type=\"widget\" data-e-type=\"widget\" data-settings=\"{&quot;youtube_url&quot;:&quot;https:\\\/\\\/www.youtube.com\\\/watch?v=yTzgek3kgNU&quot;,&quot;video_type&quot;:&quot;youtube&quot;,&quot;controls&quot;:&quot;yes&quot;}\" data-widget_type=\"video.default\">\n\t\t\t\t<div class=\"elementor-widget-container\">\n\t\t\t\t\t\t\t<div class=\"elementor-wrapper elementor-open-inline\">\n\t\t\t<div class=\"elementor-video\"><\/div>\t\t<\/div>\n\t\t\t\t\t\t<\/div>\n\t\t\t\t<\/div>\n\t\t\t\t\t<\/div>\n\t\t<\/div>\n\t\t\t\t<div class=\"elementor-column elementor-col-50 elementor-top-column elementor-element elementor-element-76fb2a5\" data-id=\"76fb2a5\" data-element_type=\"column\" data-e-type=\"column\">\n\t\t\t<div class=\"elementor-widget-wrap elementor-element-populated\">\n\t\t\t\t\t\t<div class=\"elementor-element elementor-element-81e834c elementor-widget elementor-widget-heading\" data-id=\"81e834c\" data-element_type=\"widget\" data-e-type=\"widget\" data-widget_type=\"heading.default\">\n\t\t\t\t<div class=\"elementor-widget-container\">\n\t\t\t\t\t<h2 class=\"elementor-heading-title elementor-size-default\">Les dons sont \u00e9ligibles pour un re\u00e7u officiel pour fins d\u2019imp\u00f4ts<\/h2>\t\t\t\t<\/div>\n\t\t\t\t<\/div>\n\t\t\t\t\t<\/div>\n\t\t<\/div>\n\t\t\t\t\t<\/div>\n\t\t<\/section>\n\t\t<div class=\"elementor-element elementor-element-bcd96f3 e-flex e-con-boxed e-con e-parent\" data-id=\"bcd96f3\" data-element_type=\"container\" data-e-type=\"container\">\n\t\t\t\t\t<div class=\"e-con-inner\">\n\t\t<div class=\"elementor-element elementor-element-759b9a5 e-con-full e-flex e-con e-child\" data-id=\"759b9a5\" data-element_type=\"container\" data-e-type=\"container\">\n\t\t\t\t<div class=\"elementor-element elementor-element-8a659a8 elementor-widget elementor-widget-shortcode\" data-id=\"8a659a8\" data-element_type=\"widget\" data-e-type=\"widget\" data-widget_type=\"shortcode.default\">\n\t\t\t\t<div class=\"elementor-widget-container\">\n\t\t\t\t\t\t\t<div class=\"elementor-shortcode\"><a href=\"#XRQPTYMX\" style=\"display: none\"><\/a><\/div>\n\t\t\t\t\t\t<\/div>\n\t\t\t\t<\/div>\n\t\t\t\t<\/div>\n\t\t\t\t\t<\/div>\n\t\t\t\t<\/div>\n\t\t\t\t<section class=\"elementor-section elementor-top-section elementor-element elementor-element-905e537 elementor-section-boxed elementor-section-height-default elementor-section-height-default\" data-id=\"905e537\" data-element_type=\"section\" data-e-type=\"section\">\n\t\t\t\t\t\t<div class=\"elementor-container elementor-column-gap-default\">\n\t\t\t\t\t<div class=\"elementor-column elementor-col-100 elementor-top-column elementor-element elementor-element-7592e1c\" data-id=\"7592e1c\" data-element_type=\"column\" data-e-type=\"column\">\n\t\t\t<div class=\"elementor-widget-wrap elementor-element-populated\">\n\t\t\t\t\t\t<div class=\"elementor-element elementor-element-f1c778b elementor-widget elementor-widget-text-editor\" data-id=\"f1c778b\" data-element_type=\"widget\" data-e-type=\"widget\" data-widget_type=\"text-editor.default\">\n\t\t\t\t<div class=\"elementor-widget-container\">\n\t\t\t\t\t\t\t\t\t<p>Ce mouvement a commenc\u00e9 avec l\u2019objectif de faire comprendre \u00e0 toustes les jeunes 2SLGBTQ+ que malgr\u00e9 les moments difficiles, \u00e7a va de mieux en mieux (it gets better). Chaque vid\u00e9o partag\u00e9e, engagement tenu, et dollar donn\u00e9 contribuent \u00e0 la cr\u00e9ation d\u2019un avenir plus lumineux et prometteur pour les jeunes 2SLGBTQ+. Aidez-nous \u00e0 encourager et autonomiser les jeunes 2SLGBTQ+ partout au Canada, et \u00e0 leur permettre de tisser des liens entre elleux d\u00e8s aujourd\u2019hui!<\/p>\t\t\t\t\t\t\t\t<\/div>\n\t\t\t\t<\/div>\n\t\t\t\t<div class=\"elementor-element elementor-element-86fbab5 elementor-widget-divider--view-line elementor-widget elementor-widget-divider\" data-id=\"86fbab5\" data-element_type=\"widget\" data-e-type=\"widget\" data-widget_type=\"divider.default\">\n\t\t\t\t<div class=\"elementor-widget-container\">\n\t\t\t\t\t\t\t<div class=\"elementor-divider\">\n\t\t\t<span class=\"elementor-divider-separator\">\n\t\t\t\t\t\t<\/span>\n\t\t<\/div>\n\t\t\t\t\t\t<\/div>\n\t\t\t\t<\/div>\n\t\t\t\t\t<\/div>\n\t\t<\/div>\n\t\t\t\t\t<\/div>\n\t\t<\/section>\n\t\t\t\t<section class=\"elementor-section elementor-inner-section elementor-element elementor-element-286d56f7 elementor-section-boxed elementor-section-height-default elementor-section-height-default\" data-id=\"286d56f7\" data-element_type=\"section\" data-e-type=\"section\" data-settings=\"{&quot;background_background&quot;:&quot;classic&quot;}\">\n\t\t\t\t\t\t<div class=\"elementor-container elementor-column-gap-default\">\n\t\t\t\t\t<div class=\"elementor-column elementor-col-33 elementor-inner-column elementor-element elementor-element-7f1735d\" data-id=\"7f1735d\" data-element_type=\"column\" data-e-type=\"column\">\n\t\t\t<div class=\"elementor-widget-wrap elementor-element-populated\">\n\t\t\t\t\t\t<div class=\"elementor-element elementor-element-4465b09f elementor-widget elementor-widget-heading\" data-id=\"4465b09f\" data-element_type=\"widget\" data-e-type=\"widget\" data-widget_type=\"heading.default\">\n\t\t\t\t<div class=\"elementor-widget-container\">\n\t\t\t\t\t<h4 class=\"elementor-heading-title elementor-size-default\">It Gets Better Canada est membre officiel du It Gets Better International Affiliate Network<\/h4>\t\t\t\t<\/div>\n\t\t\t\t<\/div>\n\t\t\t\t<div class=\"elementor-element elementor-element-13d15c1e elementor-widget-divider--view-line elementor-widget elementor-widget-divider\" data-id=\"13d15c1e\" data-element_type=\"widget\" data-e-type=\"widget\" data-widget_type=\"divider.default\">\n\t\t\t\t<div class=\"elementor-widget-container\">\n\t\t\t\t\t\t\t<div class=\"elementor-divider\">\n\t\t\t<span class=\"elementor-divider-separator\">\n\t\t\t\t\t\t<\/span>\n\t\t<\/div>\n\t\t\t\t\t\t<\/div>\n\t\t\t\t<\/div>\n\t\t\t\t<div class=\"elementor-element elementor-element-5fdae955 elementor-widget elementor-widget-text-editor\" data-id=\"5fdae955\" data-element_type=\"widget\" data-e-type=\"widget\" data-widget_type=\"text-editor.default\">\n\t\t\t\t<div class=\"elementor-widget-container\">\n\t\t\t\t\t\t\t\t\t<div id=\"bgLayers_comp-jfus4nzw\" class=\"_3_wbk\"><div id=\"bgMedia_comp-jfus4nzw\" class=\"_33YMf\">IT GETS BETTER et IT GETS BETTER PROJECT sont des marques d\u00e9pos\u00e9es de Savage Love, LLC, l\u2019utilisation est autoris\u00e9e sur ce site Web sous la licence de the It Gets Better Project<\/div><\/div><div class=\"\" data-mesh-id=\"comp-jfus4nzwinlineContent\" data-testid=\"inline-content\"><div data-mesh-id=\"comp-jfus4nzwinlineContent-gridContainer\" data-testid=\"mesh-container-content\"><div id=\"comp-jfurvk6a\" class=\"_1Z_nJ\" data-testid=\"richTextElement\"><p class=\"font_9\">\u00a0<\/p><\/div><\/div><\/div>\t\t\t\t\t\t\t\t<\/div>\n\t\t\t\t<\/div>\n\t\t\t\t\t<\/div>\n\t\t<\/div>\n\t\t\t\t<div class=\"elementor-column elementor-col-33 elementor-inner-column elementor-element elementor-element-6af462d8\" data-id=\"6af462d8\" data-element_type=\"column\" data-e-type=\"column\">\n\t\t\t<div class=\"elementor-widget-wrap elementor-element-populated\">\n\t\t\t\t\t\t<div class=\"elementor-element elementor-element-20f2ad0f elementor-widget elementor-widget-heading\" data-id=\"20f2ad0f\" data-element_type=\"widget\" data-e-type=\"widget\" data-widget_type=\"heading.default\">\n\t\t\t\t<div class=\"elementor-widget-container\">\n\t\t\t\t\t<h4 class=\"elementor-heading-title elementor-size-default\">Organisme de bienfaisance enregistr\u00e9 sous le num\u00e9ro 750714297 RR0001<\/h4>\t\t\t\t<\/div>\n\t\t\t\t<\/div>\n\t\t\t\t<div class=\"elementor-element elementor-element-6e4153a6 elementor-mobile-align-center elementor-icon-list--layout-traditional elementor-list-item-link-full_width elementor-widget elementor-widget-icon-list\" data-id=\"6e4153a6\" data-element_type=\"widget\" data-e-type=\"widget\" data-widget_type=\"icon-list.default\">\n\t\t\t\t<div class=\"elementor-widget-container\">\n\t\t\t\t\t\t\t<ul class=\"elementor-icon-list-items\">\n\t\t\t\t\t\t\t<li class=\"elementor-icon-list-item\">\n\t\t\t\t\t\t\t\t\t\t<span class=\"elementor-icon-list-text\"><\/span>\n\t\t\t\t\t\t\t\t\t<\/li>\n\t\t\t\t\t\t<\/ul>\n\t\t\t\t\t\t<\/div>\n\t\t\t\t<\/div>\n\t\t\t\t<div class=\"elementor-element elementor-element-2eb9a2c3 elementor-widget elementor-widget-text-editor\" data-id=\"2eb9a2c3\" data-element_type=\"widget\" data-e-type=\"widget\" data-widget_type=\"text-editor.default\">\n\t\t\t\t<div class=\"elementor-widget-container\">\n\t\t\t\t\t\t\t\t\t<p>IGB-CSA Canada<\/p>\t\t\t\t\t\t\t\t<\/div>\n\t\t\t\t<\/div>\n\t\t\t\t<div class=\"elementor-element elementor-element-421e0880 elementor-widget-divider--view-line elementor-widget elementor-widget-divider\" data-id=\"421e0880\" data-element_type=\"widget\" data-e-type=\"widget\" data-widget_type=\"divider.default\">\n\t\t\t\t<div class=\"elementor-widget-container\">\n\t\t\t\t\t\t\t<div class=\"elementor-divider\">\n\t\t\t<span class=\"elementor-divider-separator\">\n\t\t\t\t\t\t<\/span>\n\t\t<\/div>\n\t\t\t\t\t\t<\/div>\n\t\t\t\t<\/div>\n\t\t\t\t<div class=\"elementor-element elementor-element-106d432a elementor-shape-rounded elementor-grid-0 e-grid-align-center elementor-widget elementor-widget-social-icons\" data-id=\"106d432a\" data-element_type=\"widget\" data-e-type=\"widget\" data-widget_type=\"social-icons.default\">\n\t\t\t\t<div class=\"elementor-widget-container\">\n\t\t\t\t\t\t\t<div class=\"elementor-social-icons-wrapper elementor-grid\" role=\"list\">\n\t\t\t\t\t\t\t<span class=\"elementor-grid-item\" role=\"listitem\">\n\t\t\t\t\t<a class=\"elementor-icon elementor-social-icon elementor-social-icon-facebook elementor-repeater-item-d649ca0\" href=\"https:\/\/www.facebook.com\/ItGetsBetterCanada\" target=\"_blank\" rel=\"noopener\">\n\t\t\t\t\t\t<span class=\"elementor-screen-only\">Facebook<\/span>\n\t\t\t\t\t\t<i aria-hidden=\"true\" class=\"fab fa-facebook\"><\/i>\t\t\t\t\t<\/a>\n\t\t\t\t<\/span>\n\t\t\t\t\t\t\t<span class=\"elementor-grid-item\" role=\"listitem\">\n\t\t\t\t\t<a class=\"elementor-icon elementor-social-icon elementor-social-icon-twitter elementor-repeater-item-939c764\" href=\"https:\/\/twitter.com\/ItGetsBetterCA\" target=\"_blank\" rel=\"noopener\">\n\t\t\t\t\t\t<span class=\"elementor-screen-only\">Twitter<\/span>\n\t\t\t\t\t\t<i aria-hidden=\"true\" class=\"fab fa-twitter\"><\/i>\t\t\t\t\t<\/a>\n\t\t\t\t<\/span>\n\t\t\t\t\t\t\t<span class=\"elementor-grid-item\" role=\"listitem\">\n\t\t\t\t\t<a class=\"elementor-icon elementor-social-icon elementor-social-icon-instagram elementor-repeater-item-be18a7d\" href=\"https:\/\/www.instagram.com\/itgetsbettercanada\/\" target=\"_blank\" rel=\"noopener\">\n\t\t\t\t\t\t<span class=\"elementor-screen-only\">Instagram<\/span>\n\t\t\t\t\t\t<i aria-hidden=\"true\" class=\"fab fa-instagram\"><\/i>\t\t\t\t\t<\/a>\n\t\t\t\t<\/span>\n\t\t\t\t\t\t\t<span class=\"elementor-grid-item\" role=\"listitem\">\n\t\t\t\t\t<a class=\"elementor-icon elementor-social-icon elementor-social-icon-tiktok elementor-repeater-item-9d61074\" href=\"http:\/\/privacy@itgetsbettercanada.org\/fr\/\" target=\"_blank\">\n\t\t\t\t\t\t<span class=\"elementor-screen-only\">Tiktok<\/span>\n\t\t\t\t\t\t<i aria-hidden=\"true\" class=\"fab fa-tiktok\"><\/i>\t\t\t\t\t<\/a>\n\t\t\t\t<\/span>\n\t\t\t\t\t\t\t<span class=\"elementor-grid-item\" role=\"listitem\">\n\t\t\t\t\t<a class=\"elementor-icon elementor-social-icon elementor-social-icon-youtube elementor-repeater-item-1451a8a\" href=\"https:\/\/www.youtube.com\/itgetsbettercanada\" target=\"_blank\" rel=\"noopener\">\n\t\t\t\t\t\t<span class=\"elementor-screen-only\">Youtube<\/span>\n\t\t\t\t\t\t<i aria-hidden=\"true\" class=\"fab fa-youtube\"><\/i>\t\t\t\t\t<\/a>\n\t\t\t\t<\/span>\n\t\t\t\t\t<\/div>\n\t\t\t\t\t\t<\/div>\n\t\t\t\t<\/div>\n\t\t\t\t\t<\/div>\n\t\t<\/div>\n\t\t\t\t<div class=\"elementor-column elementor-col-33 elementor-inner-column elementor-element elementor-element-b51676\" data-id=\"b51676\" data-element_type=\"column\" data-e-type=\"column\">\n\t\t\t<div class=\"elementor-widget-wrap elementor-element-populated\">\n\t\t\t\t\t\t<div class=\"elementor-element elementor-element-166054e9 elementor-widget elementor-widget-image\" data-id=\"166054e9\" data-element_type=\"widget\" data-e-type=\"widget\" data-widget_type=\"image.default\">\n\t\t\t\t<div class=\"elementor-widget-container\">\n\t\t\t\t\t\t\t\t\t\t\t\t\t\t\t<img fetchpriority=\"high\" decoding=\"async\" width=\"580\" height=\"142\" src=\"https:\/\/itgetsbettercanada.org\/wp-content\/uploads\/2021\/01\/IGB-RGB-Canada-White-02-1024x250.png\" class=\"attachment-large size-large wp-image-109\" alt=\"White IGBC logo\" srcset=\"https:\/\/itgetsbettercanada.org\/wp-content\/uploads\/2021\/01\/IGB-RGB-Canada-White-02-1024x250.png 1024w, https:\/\/itgetsbettercanada.org\/wp-content\/uploads\/2021\/01\/IGB-RGB-Canada-White-02-300x73.png 300w, https:\/\/itgetsbettercanada.org\/wp-content\/uploads\/2021\/01\/IGB-RGB-Canada-White-02-768x187.png 768w, https:\/\/itgetsbettercanada.org\/wp-content\/uploads\/2021\/01\/IGB-RGB-Canada-White-02-1536x375.png 1536w, https:\/\/itgetsbettercanada.org\/wp-content\/uploads\/2021\/01\/IGB-RGB-Canada-White-02-2048x500.png 2048w, https:\/\/itgetsbettercanada.org\/wp-content\/uploads\/2021\/01\/IGB-RGB-Canada-White-02-1200x293.png 1200w, https:\/\/itgetsbettercanada.org\/wp-content\/uploads\/2021\/01\/IGB-RGB-Canada-White-02-1980x483.png 1980w\" sizes=\"(max-width: 580px) 100vw, 580px\" \/>\t\t\t\t\t\t\t\t\t\t\t\t\t\t\t<\/div>\n\t\t\t\t<\/div>\n\t\t\t\t<div class=\"elementor-element elementor-element-1d49d9df elementor-widget elementor-widget-text-editor\" data-id=\"1d49d9df\" data-element_type=\"widget\" data-e-type=\"widget\" data-widget_type=\"text-editor.default\">\n\t\t\t\t<div class=\"elementor-widget-container\">\n\t\t\t\t\t\t\t\t\t<div id=\"bgLayers_comp-jfus4nzw\" class=\"_3_wbk\"><div id=\"bgMedia_comp-jfus4nzw\" class=\"_33YMf\">Ce site Web est rendu possible gr\u00e2ce au soutien de It Gets Better Project, un organisme sans but lucratif qui travaille \u00e0 encourager, autonomiser et connecter les jeunes 2SLGBTQ+ partout dans le monde.<\/div><\/div><div class=\"\" data-mesh-id=\"comp-jfus4nzwinlineContent\" data-testid=\"inline-content\"><div data-mesh-id=\"comp-jfus4nzwinlineContent-gridContainer\" data-testid=\"mesh-container-content\"><div id=\"comp-jfurvk6a\" class=\"_1Z_nJ\" data-testid=\"richTextElement\"><p class=\"font_9\">\u00a0<\/p><\/div><\/div><\/div>\t\t\t\t\t\t\t\t<\/div>\n\t\t\t\t<\/div>\n\t\t\t\t\t<\/div>\n\t\t<\/div>\n\t\t\t\t\t<\/div>\n\t\t<\/section>\n\t\t\t\t<\/div>","protected":false},"excerpt":{"rendered":"<p>Youth today need to know that they are not alone. Donate Today. Your donation is eligible for a charitable tax receipt This movement began with the goal of letting all 2SLGBTQ+ youth know that despite the tough times, it gets better. Every video submitted, pledge taken, and dollar donated is a commitment to a brighter [&hellip;]<\/p>\n","protected":false},"author":1,"featured_media":4956,"parent":0,"menu_order":0,"comment_status":"closed","ping_status":"closed","template":"","meta":{"om_disable_all_campaigns":false,"_monsterinsights_skip_tracking":false,"_monsterinsights_sitenote_active":false,"_monsterinsights_sitenote_note":"","_monsterinsights_sitenote_category":0,"_uf_show_specific_survey":0,"_uf_disable_surveys":false,"footnotes":""},"categories":[],"tags":[],"class_list":["post-4","page","type-page","status-publish","has-post-thumbnail","hentry"],"aioseo_notices":[],"_links":{"self":[{"href":"https:\/\/itgetsbettercanada.org\/fr\/wp-json\/wp\/v2\/pages\/4","targetHints":{"allow":["GET"]}}],"collection":[{"href":"https:\/\/itgetsbettercanada.org\/fr\/wp-json\/wp\/v2\/pages"}],"about":[{"href":"https:\/\/itgetsbettercanada.org\/fr\/wp-json\/wp\/v2\/types\/page"}],"author":[{"embeddable":true,"href":"https:\/\/itgetsbettercanada.org\/fr\/wp-json\/wp\/v2\/users\/1"}],"replies":[{"embeddable":true,"href":"https:\/\/itgetsbettercanada.org\/fr\/wp-json\/wp\/v2\/comments?post=4"}],"version-history":[{"count":133,"href":"https:\/\/itgetsbettercanada.org\/fr\/wp-json\/wp\/v2\/pages\/4\/revisions"}],"predecessor-version":[{"id":14611,"href":"https:\/\/itgetsbettercanada.org\/fr\/wp-json\/wp\/v2\/pages\/4\/revisions\/14611"}],"wp:featuredmedia":[{"embeddable":true,"href":"https:\/\/itgetsbettercanada.org\/fr\/wp-json\/wp\/v2\/media\/4956"}],"wp:attachment":[{"href":"https:\/\/itgetsbettercanada.org\/fr\/wp-json\/wp\/v2\/media?parent=4"}],"wp:term":[{"taxonomy":"category","embeddable":true,"href":"https:\/\/itgetsbettercanada.org\/fr\/wp-json\/wp\/v2\/categories?post=4"},{"taxonomy":"post_tag","embeddable":true,"href":"https:\/\/itgetsbettercanada.org\/fr\/wp-json\/wp\/v2\/tags?post=4"}],"curies":[{"name":"wp","href":"https:\/\/api.w.org\/{rel}","templated":true}]}}